{"id":1090,"date":"2023-03-26T10:27:57","date_gmt":"2023-03-26T16:27:57","guid":{"rendered":"https:\/\/bauer.com.mx\/es\/?post_type=product&#038;p=1090"},"modified":"2023-06-06T22:15:57","modified_gmt":"2023-06-07T04:15:57","slug":"brauer-sierra-circular-w-702","status":"publish","type":"product","link":"https:\/\/bauer.com.mx\/es\/producto\/brauer-sierra-circular-w-702\/","title":{"rendered":"Br\u00e4uer Sierra Circular W 702 | 790.041.020"},"content":{"rendered":"<p>Br\u00e4uer <span data-sheets-value=\"{&quot;1&quot;:2,&quot;2&quot;:&quot;SIERRA CIRCULAR W 702&quot;}\" data-sheets-userformat=\"{&quot;2&quot;:12712,&quot;6&quot;:{&quot;1&quot;:[{&quot;1&quot;:2,&quot;2&quot;:0,&quot;5&quot;:{&quot;1&quot;:2,&quot;2&quot;:0}},{&quot;1&quot;:0,&quot;2&quot;:0,&quot;3&quot;:3},{&quot;1&quot;:1,&quot;2&quot;:0,&quot;4&quot;:1}]},&quot;8&quot;:{&quot;1&quot;:[{&quot;1&quot;:2,&quot;2&quot;:0,&quot;5&quot;:{&quot;1&quot;:2,&quot;2&quot;:0}},{&quot;1&quot;:0,&quot;2&quot;:0,&quot;3&quot;:3},{&quot;1&quot;:1,&quot;2&quot;:0,&quot;4&quot;:1}]},&quot;10&quot;:0,&quot;11&quot;:4,&quot;15&quot;:&quot;\\&quot;Times New Roman\\&quot;&quot;,&quot;16&quot;:12}\">Sierra Circular W 702<\/span><\/p>\n","protected":false},"excerpt":{"rendered":"<p>Br\u00e4uer <span data-sheets-value=\"{&quot;1&quot;:2,&quot;2&quot;:&quot;SIERRA CIRCULAR W 702&quot;}\" data-sheets-userformat=\"{&quot;2&quot;:12712,&quot;6&quot;:{&quot;1&quot;:[{&quot;1&quot;:2,&quot;2&quot;:0,&quot;5&quot;:{&quot;1&quot;:2,&quot;2&quot;:0}},{&quot;1&quot;:0,&quot;2&quot;:0,&quot;3&quot;:3},{&quot;1&quot;:1,&quot;2&quot;:0,&quot;4&quot;:1}]},&quot;8&quot;:{&quot;1&quot;:[{&quot;1&quot;:2,&quot;2&quot;:0,&quot;5&quot;:{&quot;1&quot;:2,&quot;2&quot;:0}},{&quot;1&quot;:0,&quot;2&quot;:0,&quot;3&quot;:3},{&quot;1&quot;:1,&quot;2&quot;:0,&quot;4&quot;:1}]},&quot;10&quot;:0,&quot;11&quot;:4,&quot;15&quot;:&quot;\\&quot;Times New Roman\\&quot;&quot;,&quot;16&quot;:12}\">Sierra Circular W 702<\/span><\/p>\n","protected":false},"featured_media":1211,"comment_status":"closed","ping_status":"closed","template":"","meta":[],"product_cat":[33],"product_tag":[41],"class_list":{"0":"post-1090","1":"product","2":"type-product","3":"status-publish","4":"has-post-thumbnail","6":"product_cat-brauer","7":"product_tag-sierras","9":"first","10":"instock","11":"taxable","12":"shipping-taxable","13":"purchasable","14":"product-type-simple"},"yoast_head":"<!-- This site is optimized with the Yoast SEO plugin v21.9.1 - https:\/\/yoast.com\/wordpress\/plugins\/seo\/ -->\n<title>Br\u00e4uer Sierra Circular W 702 | 790.041.020 - Bauer Automatizaci\u00f3n.<\/title>\n<meta name=\"description\" content=\"Br\u00e4uer Sierra Circular W 702\" \/>\n<meta name=\"robots\" content=\"index, follow, max-snippet:-1, max-image-preview:large, max-video-preview:-1\" \/>\n<link rel=\"canonical\" href=\"https:\/\/bauer.com.mx\/es\/producto\/brauer-sierra-circular-w-702\/\" \/>\n<meta property=\"og:locale\" content=\"es_MX\" \/>\n<meta property=\"og:type\" content=\"article\" \/>\n<meta property=\"og:title\" content=\"Br\u00e4uer Sierra Circular W 702 | 790.041.020 - Bauer Automatizaci\u00f3n.\" \/>\n<meta property=\"og:description\" content=\"Br\u00e4uer Sierra Circular W 702\" \/>\n<meta property=\"og:url\" content=\"https:\/\/bauer.com.mx\/es\/producto\/brauer-sierra-circular-w-702\/\" \/>\n<meta property=\"og:site_name\" content=\"Bauer Automatizaci\u00f3n.\" \/>\n<meta property=\"article:publisher\" content=\"https:\/\/www.facebook.com\/bauermexico\" \/>\n<meta property=\"article:modified_time\" content=\"2023-06-07T04:15:57+00:00\" \/>\n<meta property=\"og:image\" content=\"https:\/\/bauer.com.mx\/es\/wp-content\/uploads\/2023\/06\/4_BRA_790.041.020_web.jpg\" \/>\n\t<meta property=\"og:image:width\" content=\"600\" \/>\n\t<meta property=\"og:image:height\" content=\"403\" \/>\n\t<meta property=\"og:image:type\" content=\"image\/jpeg\" \/>\n<meta name=\"twitter:card\" content=\"summary_large_image\" \/>\n<meta name=\"twitter:label1\" content=\"Tiempo de lectura\" \/>\n\t<meta name=\"twitter:data1\" content=\"1 minuto\" \/>\n<script type=\"application\/ld+json\" class=\"yoast-schema-graph\">{\"@context\":\"https:\/\/schema.org\",\"@graph\":[{\"@type\":\"WebPage\",\"@id\":\"https:\/\/bauer.com.mx\/es\/producto\/brauer-sierra-circular-w-702\/\",\"url\":\"https:\/\/bauer.com.mx\/es\/producto\/brauer-sierra-circular-w-702\/\",\"name\":\"Br\u00e4uer Sierra Circular W 702 | 790.041.020 - Bauer Automatizaci\u00f3n.\",\"isPartOf\":{\"@id\":\"https:\/\/bauer.com.mx\/es\/#website\"},\"datePublished\":\"2023-03-26T16:27:57+00:00\",\"dateModified\":\"2023-06-07T04:15:57+00:00\",\"description\":\"Br\u00e4uer Sierra Circular W 702\",\"breadcrumb\":{\"@id\":\"https:\/\/bauer.com.mx\/es\/producto\/brauer-sierra-circular-w-702\/#breadcrumb\"},\"inLanguage\":\"es\",\"potentialAction\":[{\"@type\":\"ReadAction\",\"target\":[\"https:\/\/bauer.com.mx\/es\/producto\/brauer-sierra-circular-w-702\/\"]}]},{\"@type\":\"BreadcrumbList\",\"@id\":\"https:\/\/bauer.com.mx\/es\/producto\/brauer-sierra-circular-w-702\/#breadcrumb\",\"itemListElement\":[{\"@type\":\"ListItem\",\"position\":1,\"name\":\"Inicio\",\"item\":\"https:\/\/bauer.com.mx\/es\/\"},{\"@type\":\"ListItem\",\"position\":2,\"name\":\"Tienda Bauer\",\"item\":\"https:\/\/bauer.com.mx\/es\/tienda_bauer_productos-originales-en-linea\/\"},{\"@type\":\"ListItem\",\"position\":3,\"name\":\"Br\u00e4uer Sierra Circular W 702 | 790.041.020\"}]},{\"@type\":\"WebSite\",\"@id\":\"https:\/\/bauer.com.mx\/es\/#website\",\"url\":\"https:\/\/bauer.com.mx\/es\/\",\"name\":\"Bauer Automatizaci\u00f3n.\",\"description\":\"Nos dedicamos a automatizar la maquinaria y procesos utilizados en diversas industrias, principalmente automotriz. Configuramos sistemas aut\u00f3nomos a trav\u00e9s de la tecnolog\u00eda, como la rob\u00f3tica y el software inform\u00e1tico.\",\"publisher\":{\"@id\":\"https:\/\/bauer.com.mx\/es\/#organization\"},\"potentialAction\":[{\"@type\":\"SearchAction\",\"target\":{\"@type\":\"EntryPoint\",\"urlTemplate\":\"https:\/\/bauer.com.mx\/es\/?s={search_term_string}\"},\"query-input\":\"required name=search_term_string\"}],\"inLanguage\":\"es\"},{\"@type\":\"Organization\",\"@id\":\"https:\/\/bauer.com.mx\/es\/#organization\",\"name\":\"Bauer\",\"url\":\"https:\/\/bauer.com.mx\/es\/\",\"logo\":{\"@type\":\"ImageObject\",\"inLanguage\":\"es\",\"@id\":\"https:\/\/bauer.com.mx\/es\/#\/schema\/logo\/image\/\",\"url\":\"https:\/\/bauer.com.mx\/es\/wp-content\/uploads\/2021\/12\/Logotipo-BAUER-2022_Mesa-de-trabajo-1.png\",\"contentUrl\":\"https:\/\/bauer.com.mx\/es\/wp-content\/uploads\/2021\/12\/Logotipo-BAUER-2022_Mesa-de-trabajo-1.png\",\"width\":5692,\"height\":3142,\"caption\":\"Bauer\"},\"image\":{\"@id\":\"https:\/\/bauer.com.mx\/es\/#\/schema\/logo\/image\/\"},\"sameAs\":[\"https:\/\/www.facebook.com\/bauermexico\",\"https:\/\/www.instagram.com\/bauer_automation\/\",\"https:\/\/www.linkedin.com\/company\/33240972\/admin\/\",\"https:\/\/www.youtube.com\/channel\/UCAQW7qTSmqzX280xvWSIsNQ\"]}]}<\/script>\n<!-- \/ Yoast SEO plugin. -->","yoast_head_json":{"title":"Br\u00e4uer Sierra Circular W 702 | 790.041.020 - Bauer Automatizaci\u00f3n.","description":"Br\u00e4uer Sierra Circular W 702","robots":{"index":"index","follow":"follow","max-snippet":"max-snippet:-1","max-image-preview":"max-image-preview:large","max-video-preview":"max-video-preview:-1"},"canonical":"https:\/\/bauer.com.mx\/es\/producto\/brauer-sierra-circular-w-702\/","og_locale":"es_MX","og_type":"article","og_title":"Br\u00e4uer Sierra Circular W 702 | 790.041.020 - Bauer Automatizaci\u00f3n.","og_description":"Br\u00e4uer Sierra Circular W 702","og_url":"https:\/\/bauer.com.mx\/es\/producto\/brauer-sierra-circular-w-702\/","og_site_name":"Bauer Automatizaci\u00f3n.","article_publisher":"https:\/\/www.facebook.com\/bauermexico","article_modified_time":"2023-06-07T04:15:57+00:00","og_image":[{"width":600,"height":403,"url":"https:\/\/bauer.com.mx\/es\/wp-content\/uploads\/2023\/06\/4_BRA_790.041.020_web.jpg","type":"image\/jpeg"}],"twitter_card":"summary_large_image","twitter_misc":{"Tiempo de lectura":"1 minuto"},"schema":{"@context":"https:\/\/schema.org","@graph":[{"@type":"WebPage","@id":"https:\/\/bauer.com.mx\/es\/producto\/brauer-sierra-circular-w-702\/","url":"https:\/\/bauer.com.mx\/es\/producto\/brauer-sierra-circular-w-702\/","name":"Br\u00e4uer Sierra Circular W 702 | 790.041.020 - Bauer Automatizaci\u00f3n.","isPartOf":{"@id":"https:\/\/bauer.com.mx\/es\/#website"},"datePublished":"2023-03-26T16:27:57+00:00","dateModified":"2023-06-07T04:15:57+00:00","description":"Br\u00e4uer Sierra Circular W 702","breadcrumb":{"@id":"https:\/\/bauer.com.mx\/es\/producto\/brauer-sierra-circular-w-702\/#breadcrumb"},"inLanguage":"es","potentialAction":[{"@type":"ReadAction","target":["https:\/\/bauer.com.mx\/es\/producto\/brauer-sierra-circular-w-702\/"]}]},{"@type":"BreadcrumbList","@id":"https:\/\/bauer.com.mx\/es\/producto\/brauer-sierra-circular-w-702\/#breadcrumb","itemListElement":[{"@type":"ListItem","position":1,"name":"Inicio","item":"https:\/\/bauer.com.mx\/es\/"},{"@type":"ListItem","position":2,"name":"Tienda Bauer","item":"https:\/\/bauer.com.mx\/es\/tienda_bauer_productos-originales-en-linea\/"},{"@type":"ListItem","position":3,"name":"Br\u00e4uer Sierra Circular W 702 | 790.041.020"}]},{"@type":"WebSite","@id":"https:\/\/bauer.com.mx\/es\/#website","url":"https:\/\/bauer.com.mx\/es\/","name":"Bauer Automatizaci\u00f3n.","description":"Nos dedicamos a automatizar la maquinaria y procesos utilizados en diversas industrias, principalmente automotriz. Configuramos sistemas aut\u00f3nomos a trav\u00e9s de la tecnolog\u00eda, como la rob\u00f3tica y el software inform\u00e1tico.","publisher":{"@id":"https:\/\/bauer.com.mx\/es\/#organization"},"potentialAction":[{"@type":"SearchAction","target":{"@type":"EntryPoint","urlTemplate":"https:\/\/bauer.com.mx\/es\/?s={search_term_string}"},"query-input":"required name=search_term_string"}],"inLanguage":"es"},{"@type":"Organization","@id":"https:\/\/bauer.com.mx\/es\/#organization","name":"Bauer","url":"https:\/\/bauer.com.mx\/es\/","logo":{"@type":"ImageObject","inLanguage":"es","@id":"https:\/\/bauer.com.mx\/es\/#\/schema\/logo\/image\/","url":"https:\/\/bauer.com.mx\/es\/wp-content\/uploads\/2021\/12\/Logotipo-BAUER-2022_Mesa-de-trabajo-1.png","contentUrl":"https:\/\/bauer.com.mx\/es\/wp-content\/uploads\/2021\/12\/Logotipo-BAUER-2022_Mesa-de-trabajo-1.png","width":5692,"height":3142,"caption":"Bauer"},"image":{"@id":"https:\/\/bauer.com.mx\/es\/#\/schema\/logo\/image\/"},"sameAs":["https:\/\/www.facebook.com\/bauermexico","https:\/\/www.instagram.com\/bauer_automation\/","https:\/\/www.linkedin.com\/company\/33240972\/admin\/","https:\/\/www.youtube.com\/channel\/UCAQW7qTSmqzX280xvWSIsNQ"]}]}},"_links":{"self":[{"href":"https:\/\/bauer.com.mx\/es\/wp-json\/wp\/v2\/product\/1090","targetHints":{"allow":["GET"]}}],"collection":[{"href":"https:\/\/bauer.com.mx\/es\/wp-json\/wp\/v2\/product"}],"about":[{"href":"https:\/\/bauer.com.mx\/es\/wp-json\/wp\/v2\/types\/product"}],"replies":[{"embeddable":true,"href":"https:\/\/bauer.com.mx\/es\/wp-json\/wp\/v2\/comments?post=1090"}],"wp:featuredmedia":[{"embeddable":true,"href":"https:\/\/bauer.com.mx\/es\/wp-json\/wp\/v2\/media\/1211"}],"wp:attachment":[{"href":"https:\/\/bauer.com.mx\/es\/wp-json\/wp\/v2\/media?parent=1090"}],"wp:term":[{"taxonomy":"product_cat","embeddable":true,"href":"https:\/\/bauer.com.mx\/es\/wp-json\/wp\/v2\/product_cat?post=1090"},{"taxonomy":"product_tag","embeddable":true,"href":"https:\/\/bauer.com.mx\/es\/wp-json\/wp\/v2\/product_tag?post=1090"}],"curies":[{"name":"wp","href":"https:\/\/api.w.org\/{rel}","templated":true}]}}