{"id":1646,"date":"2023-07-21T19:56:22","date_gmt":"2023-07-22T01:56:22","guid":{"rendered":"https:\/\/bauer.com.mx\/es\/?post_type=product&#038;p=1646"},"modified":"2023-07-21T19:56:24","modified_gmt":"2023-07-22T01:56:24","slug":"prospost-ground-cable-51_pro_sa-0747-a","status":"publish","type":"product","link":"https:\/\/bauer.com.mx\/es\/producto\/prospost-ground-cable-51_pro_sa-0747-a\/","title":{"rendered":"Prospost | Ground Cable | 51_PRO_SA-0747-A"},"content":{"rendered":"<p>Prospost | Ground Cable | 51_PRO_SA-0747-A<\/p>\n","protected":false},"excerpt":{"rendered":"<p>Prospost | Ground Cable | 51_PRO_SA-0747-A<\/p>\n","protected":false},"featured_media":1515,"comment_status":"open","ping_status":"closed","template":"","meta":[],"product_cat":[67],"product_tag":[],"class_list":{"0":"post-1646","1":"product","2":"type-product","3":"status-publish","4":"has-post-thumbnail","6":"product_cat-pro-spot","8":"first","9":"instock","10":"sold-individually","11":"taxable","12":"shipping-taxable","13":"purchasable","14":"product-type-simple"},"yoast_head":"<!-- This site is optimized with the Yoast SEO plugin v21.9.1 - https:\/\/yoast.com\/wordpress\/plugins\/seo\/ -->\n<title>Prospost | Ground Cable | 51_PRO_SA-0747-A - Bauer Automatizaci\u00f3n.<\/title>\n<meta name=\"robots\" content=\"index, follow, max-snippet:-1, max-image-preview:large, max-video-preview:-1\" \/>\n<link rel=\"canonical\" href=\"https:\/\/bauer.com.mx\/es\/producto\/prospost-ground-cable-51_pro_sa-0747-a\/\" \/>\n<meta property=\"og:locale\" content=\"es_MX\" \/>\n<meta property=\"og:type\" content=\"article\" \/>\n<meta property=\"og:title\" content=\"Prospost | Ground Cable | 51_PRO_SA-0747-A - Bauer Automatizaci\u00f3n.\" \/>\n<meta property=\"og:description\" content=\"Prospost | Ground Cable | 51_PRO_SA-0747-A\" \/>\n<meta property=\"og:url\" content=\"https:\/\/bauer.com.mx\/es\/producto\/prospost-ground-cable-51_pro_sa-0747-a\/\" \/>\n<meta property=\"og:site_name\" content=\"Bauer Automatizaci\u00f3n.\" \/>\n<meta property=\"article:publisher\" content=\"https:\/\/www.facebook.com\/bauermexico\" \/>\n<meta property=\"article:modified_time\" content=\"2023-07-22T01:56:24+00:00\" \/>\n<meta property=\"og:image\" content=\"https:\/\/bauer.com.mx\/es\/wp-content\/uploads\/2023\/07\/51_PRO_SA-0747-A_web.jpg\" \/>\n\t<meta property=\"og:image:width\" content=\"600\" \/>\n\t<meta property=\"og:image:height\" content=\"403\" \/>\n\t<meta property=\"og:image:type\" content=\"image\/jpeg\" \/>\n<meta name=\"twitter:card\" content=\"summary_large_image\" \/>\n<script type=\"application\/ld+json\" class=\"yoast-schema-graph\">{\"@context\":\"https:\/\/schema.org\",\"@graph\":[{\"@type\":\"WebPage\",\"@id\":\"https:\/\/bauer.com.mx\/es\/producto\/prospost-ground-cable-51_pro_sa-0747-a\/\",\"url\":\"https:\/\/bauer.com.mx\/es\/producto\/prospost-ground-cable-51_pro_sa-0747-a\/\",\"name\":\"Prospost | Ground Cable | 51_PRO_SA-0747-A - Bauer Automatizaci\u00f3n.\",\"isPartOf\":{\"@id\":\"https:\/\/bauer.com.mx\/es\/#website\"},\"datePublished\":\"2023-07-22T01:56:22+00:00\",\"dateModified\":\"2023-07-22T01:56:24+00:00\",\"breadcrumb\":{\"@id\":\"https:\/\/bauer.com.mx\/es\/producto\/prospost-ground-cable-51_pro_sa-0747-a\/#breadcrumb\"},\"inLanguage\":\"es\",\"potentialAction\":[{\"@type\":\"ReadAction\",\"target\":[\"https:\/\/bauer.com.mx\/es\/producto\/prospost-ground-cable-51_pro_sa-0747-a\/\"]}]},{\"@type\":\"BreadcrumbList\",\"@id\":\"https:\/\/bauer.com.mx\/es\/producto\/prospost-ground-cable-51_pro_sa-0747-a\/#breadcrumb\",\"itemListElement\":[{\"@type\":\"ListItem\",\"position\":1,\"name\":\"Inicio\",\"item\":\"https:\/\/bauer.com.mx\/es\/\"},{\"@type\":\"ListItem\",\"position\":2,\"name\":\"Tienda Bauer\",\"item\":\"https:\/\/bauer.com.mx\/es\/tienda_bauer_productos-originales-en-linea\/\"},{\"@type\":\"ListItem\",\"position\":3,\"name\":\"Prospost | Ground Cable | 51_PRO_SA-0747-A\"}]},{\"@type\":\"WebSite\",\"@id\":\"https:\/\/bauer.com.mx\/es\/#website\",\"url\":\"https:\/\/bauer.com.mx\/es\/\",\"name\":\"Bauer Automatizaci\u00f3n.\",\"description\":\"Nos dedicamos a automatizar la maquinaria y procesos utilizados en diversas industrias, principalmente automotriz. Configuramos sistemas aut\u00f3nomos a trav\u00e9s de la tecnolog\u00eda, como la rob\u00f3tica y el software inform\u00e1tico.\",\"publisher\":{\"@id\":\"https:\/\/bauer.com.mx\/es\/#organization\"},\"potentialAction\":[{\"@type\":\"SearchAction\",\"target\":{\"@type\":\"EntryPoint\",\"urlTemplate\":\"https:\/\/bauer.com.mx\/es\/?s={search_term_string}\"},\"query-input\":\"required name=search_term_string\"}],\"inLanguage\":\"es\"},{\"@type\":\"Organization\",\"@id\":\"https:\/\/bauer.com.mx\/es\/#organization\",\"name\":\"Bauer\",\"url\":\"https:\/\/bauer.com.mx\/es\/\",\"logo\":{\"@type\":\"ImageObject\",\"inLanguage\":\"es\",\"@id\":\"https:\/\/bauer.com.mx\/es\/#\/schema\/logo\/image\/\",\"url\":\"https:\/\/bauer.com.mx\/es\/wp-content\/uploads\/2021\/12\/Logotipo-BAUER-2022_Mesa-de-trabajo-1.png\",\"contentUrl\":\"https:\/\/bauer.com.mx\/es\/wp-content\/uploads\/2021\/12\/Logotipo-BAUER-2022_Mesa-de-trabajo-1.png\",\"width\":5692,\"height\":3142,\"caption\":\"Bauer\"},\"image\":{\"@id\":\"https:\/\/bauer.com.mx\/es\/#\/schema\/logo\/image\/\"},\"sameAs\":[\"https:\/\/www.facebook.com\/bauermexico\",\"https:\/\/www.instagram.com\/bauer_automation\/\",\"https:\/\/www.linkedin.com\/company\/33240972\/admin\/\",\"https:\/\/www.youtube.com\/channel\/UCAQW7qTSmqzX280xvWSIsNQ\"]}]}<\/script>\n<!-- \/ Yoast SEO plugin. -->","yoast_head_json":{"title":"Prospost | Ground Cable | 51_PRO_SA-0747-A - Bauer Automatizaci\u00f3n.","robots":{"index":"index","follow":"follow","max-snippet":"max-snippet:-1","max-image-preview":"max-image-preview:large","max-video-preview":"max-video-preview:-1"},"canonical":"https:\/\/bauer.com.mx\/es\/producto\/prospost-ground-cable-51_pro_sa-0747-a\/","og_locale":"es_MX","og_type":"article","og_title":"Prospost | Ground Cable | 51_PRO_SA-0747-A - Bauer Automatizaci\u00f3n.","og_description":"Prospost | Ground Cable | 51_PRO_SA-0747-A","og_url":"https:\/\/bauer.com.mx\/es\/producto\/prospost-ground-cable-51_pro_sa-0747-a\/","og_site_name":"Bauer Automatizaci\u00f3n.","article_publisher":"https:\/\/www.facebook.com\/bauermexico","article_modified_time":"2023-07-22T01:56:24+00:00","og_image":[{"width":600,"height":403,"url":"https:\/\/bauer.com.mx\/es\/wp-content\/uploads\/2023\/07\/51_PRO_SA-0747-A_web.jpg","type":"image\/jpeg"}],"twitter_card":"summary_large_image","schema":{"@context":"https:\/\/schema.org","@graph":[{"@type":"WebPage","@id":"https:\/\/bauer.com.mx\/es\/producto\/prospost-ground-cable-51_pro_sa-0747-a\/","url":"https:\/\/bauer.com.mx\/es\/producto\/prospost-ground-cable-51_pro_sa-0747-a\/","name":"Prospost | Ground Cable | 51_PRO_SA-0747-A - Bauer Automatizaci\u00f3n.","isPartOf":{"@id":"https:\/\/bauer.com.mx\/es\/#website"},"datePublished":"2023-07-22T01:56:22+00:00","dateModified":"2023-07-22T01:56:24+00:00","breadcrumb":{"@id":"https:\/\/bauer.com.mx\/es\/producto\/prospost-ground-cable-51_pro_sa-0747-a\/#breadcrumb"},"inLanguage":"es","potentialAction":[{"@type":"ReadAction","target":["https:\/\/bauer.com.mx\/es\/producto\/prospost-ground-cable-51_pro_sa-0747-a\/"]}]},{"@type":"BreadcrumbList","@id":"https:\/\/bauer.com.mx\/es\/producto\/prospost-ground-cable-51_pro_sa-0747-a\/#breadcrumb","itemListElement":[{"@type":"ListItem","position":1,"name":"Inicio","item":"https:\/\/bauer.com.mx\/es\/"},{"@type":"ListItem","position":2,"name":"Tienda Bauer","item":"https:\/\/bauer.com.mx\/es\/tienda_bauer_productos-originales-en-linea\/"},{"@type":"ListItem","position":3,"name":"Prospost | Ground Cable | 51_PRO_SA-0747-A"}]},{"@type":"WebSite","@id":"https:\/\/bauer.com.mx\/es\/#website","url":"https:\/\/bauer.com.mx\/es\/","name":"Bauer Automatizaci\u00f3n.","description":"Nos dedicamos a automatizar la maquinaria y procesos utilizados en diversas industrias, principalmente automotriz. Configuramos sistemas aut\u00f3nomos a trav\u00e9s de la tecnolog\u00eda, como la rob\u00f3tica y el software inform\u00e1tico.","publisher":{"@id":"https:\/\/bauer.com.mx\/es\/#organization"},"potentialAction":[{"@type":"SearchAction","target":{"@type":"EntryPoint","urlTemplate":"https:\/\/bauer.com.mx\/es\/?s={search_term_string}"},"query-input":"required name=search_term_string"}],"inLanguage":"es"},{"@type":"Organization","@id":"https:\/\/bauer.com.mx\/es\/#organization","name":"Bauer","url":"https:\/\/bauer.com.mx\/es\/","logo":{"@type":"ImageObject","inLanguage":"es","@id":"https:\/\/bauer.com.mx\/es\/#\/schema\/logo\/image\/","url":"https:\/\/bauer.com.mx\/es\/wp-content\/uploads\/2021\/12\/Logotipo-BAUER-2022_Mesa-de-trabajo-1.png","contentUrl":"https:\/\/bauer.com.mx\/es\/wp-content\/uploads\/2021\/12\/Logotipo-BAUER-2022_Mesa-de-trabajo-1.png","width":5692,"height":3142,"caption":"Bauer"},"image":{"@id":"https:\/\/bauer.com.mx\/es\/#\/schema\/logo\/image\/"},"sameAs":["https:\/\/www.facebook.com\/bauermexico","https:\/\/www.instagram.com\/bauer_automation\/","https:\/\/www.linkedin.com\/company\/33240972\/admin\/","https:\/\/www.youtube.com\/channel\/UCAQW7qTSmqzX280xvWSIsNQ"]}]}},"_links":{"self":[{"href":"https:\/\/bauer.com.mx\/es\/wp-json\/wp\/v2\/product\/1646","targetHints":{"allow":["GET"]}}],"collection":[{"href":"https:\/\/bauer.com.mx\/es\/wp-json\/wp\/v2\/product"}],"about":[{"href":"https:\/\/bauer.com.mx\/es\/wp-json\/wp\/v2\/types\/product"}],"replies":[{"embeddable":true,"href":"https:\/\/bauer.com.mx\/es\/wp-json\/wp\/v2\/comments?post=1646"}],"wp:featuredmedia":[{"embeddable":true,"href":"https:\/\/bauer.com.mx\/es\/wp-json\/wp\/v2\/media\/1515"}],"wp:attachment":[{"href":"https:\/\/bauer.com.mx\/es\/wp-json\/wp\/v2\/media?parent=1646"}],"wp:term":[{"taxonomy":"product_cat","embeddable":true,"href":"https:\/\/bauer.com.mx\/es\/wp-json\/wp\/v2\/product_cat?post=1646"},{"taxonomy":"product_tag","embeddable":true,"href":"https:\/\/bauer.com.mx\/es\/wp-json\/wp\/v2\/product_tag?post=1646"}],"curies":[{"name":"wp","href":"https:\/\/api.w.org\/{rel}","templated":true}]}}